{"id":24665,"date":"2019-01-11T17:13:31","date_gmt":"2019-01-11T17:13:31","guid":{"rendered":"http:\/\/democontent.codex-themes.com\/sites\/agency-digital\/?page_id=13"},"modified":"2019-11-28T11:32:44","modified_gmt":"2019-11-28T11:32:44","slug":"our-agency","status":"publish","type":"page","link":"https:\/\/colorfilms.net\/es_es\/about-us\/our-agency","title":{"rendered":"Nuestra agencia"},"content":{"rendered":"<div class=\"vc_row-full-width-before\"><\/div><div id=\"vc_row-6a0488dc54cc7\" data-vc-full-width=\"true\" data-vc-full-width-init=\"false\" class=\"vc_row wpb_row vc_row-fluid vc_custom_1553519198268 thegem-custom-6a0488dc54c7f7533 vc_row-has-fill disable-custom-paggings-mobile\"><script type=\"text\/javascript\">if (typeof(gem_fix_fullwidth_position) == \"function\") { gem_fix_fullwidth_position(document.getElementById(\"vc_row-6a0488dc54cc7\")); }<\/script><div class=\"wpb_column vc_column_container vc_col-sm-12 thegem-custom-6a0488dc54f677501\"><div class=\"vc_column-inner vc_custom_1547571093904\"><div class=\"wpb_wrapper\"><div class=\"vc_row wpb_row vc_inner vc_row-fluid\"><div class=\"wpb_column vc_column_container vc_col-sm-6\"><div class=\"vc_column-inner\"><div class=\"wpb_wrapper\"><div class=\"clearboth\"><\/div><div class=\"gem-divider divider-hidden\" style=\"margin-top: 100px;\"><\/div><div class=\"clearboth\"><\/div><div class=\"gem-divider\" style=\"margin-top: 20px;\"><\/div>\r\n\t\r\n\t<div  class=\"wpb_single_image wpb_content_element vc_align_left\" >\r\n\t\t\r\n\t\t<figure class=\"wpb_wrapper vc_figure\">\r\n\t\t\t<div class=\"vc_single_image-wrapper   vc_box_border_grey\"><img width=\"1170\" height=\"1029\" src=\"https:\/\/colorfilms.net\/wp-content\/uploads\/2019\/10\/working_01.jpg\" class=\"vc_single_image-img attachment-large\" alt=\"\" srcset=\"https:\/\/colorfilms.net\/wp-content\/uploads\/2019\/10\/working_01.jpg 1194w, https:\/\/colorfilms.net\/wp-content\/uploads\/2019\/10\/working_01-900x791.jpg 900w, https:\/\/colorfilms.net\/wp-content\/uploads\/2019\/10\/working_01-768x675.jpg 768w\" sizes=\"(max-width: 1170px) 100vw, 1170px\" \/><\/div>\r\n\t\t<\/figure>\r\n\t<\/div>\r\n\t\r\n<div class=\"clearboth\"><\/div><div class=\"gem-divider\" style=\"margin-top: 60px;\"><\/div><\/div><\/div><\/div><div class=\"wpb_column vc_column_container vc_col-sm-6\"><div class=\"vc_column-inner\"><div class=\"wpb_wrapper\"><div class=\"clearboth\"><\/div><div class=\"gem-divider divider-hidden\" style=\"margin-top: 100px;\"><\/div>\r\n\t\r\n\t\t<div class=\"wpb_text_column wpb_content_element\" >\r\n\t\t\t<div class=\"wpb_wrapper\">\r\n\t\t\t\t<div class=\"title-h1\">sobre COLOR FILMS<\/div>\n\r\n\t\t\t<\/div>\r\n\t\t<\/div>\r\n\t\r\n<div class=\"vc_separator wpb_content_element vc_separator_align_center vc_sep_width_20 vc_sep_pos_align_left vc_separator_no_text vc_custom_1547615270912  vc_custom_1547615270912\"><span class=\"vc_sep_holder vc_sep_holder_l\"><span  style=\"border-color:#88bec9;\" class=\"vc_sep_line\"><\/span><\/span><span class=\"vc_sep_holder vc_sep_holder_r\"><span  style=\"border-color:#88bec9;\" class=\"vc_sep_line\"><\/span><\/span>\r\n<\/div>\r\n\t\r\n\t\t<div class=\"wpb_text_column wpb_content_element\" >\r\n\t\t\t<div class=\"wpb_wrapper\">\r\n\t\t\t\t<div class=\"styled-subtitle\">Color Films es un equipo din\u00e1mico de productores de eventos, vide\u00f3grafos y otros creativos que aman viajar por el mundo para satisfacer las necesidades de nuestros clientes.<\/div>\n\r\n\t\t\t<\/div>\r\n\t\t<\/div>\r\n\t\r\n<\/div><\/div><\/div><\/div><div class=\"vc_row wpb_row vc_inner vc_row-fluid vc_custom_1547571656437\"><div class=\"wpb_column vc_column_container vc_col-sm-6\"><div class=\"vc_column-inner\"><div class=\"wpb_wrapper\">\r\n\t\r\n\t\t<div class=\"wpb_text_column wpb_content_element\" >\r\n\t\t\t<div class=\"wpb_wrapper\">\r\n\t\t\t\t<div class=\"title-h1\">Nuestra misi\u00f3n<\/div>\n\r\n\t\t\t<\/div>\r\n\t\t<\/div>\r\n\t\r\n<div class=\"vc_separator wpb_content_element vc_separator_align_center vc_sep_width_20 vc_sep_pos_align_left vc_separator_no_text vc_custom_1547615270912  vc_custom_1547615270912\"><span class=\"vc_sep_holder vc_sep_holder_l\"><span  style=\"border-color:#88bec9;\" class=\"vc_sep_line\"><\/span><\/span><span class=\"vc_sep_holder vc_sep_holder_r\"><span  style=\"border-color:#88bec9;\" class=\"vc_sep_line\"><\/span><\/span>\r\n<\/div><div class=\"clearboth\"><\/div><div class=\"gem-divider divider-hidden\" style=\"margin-top: 15px;\"><\/div>\r\n\t\r\n\t\t<div class=\"wpb_text_column wpb_content_element\" >\r\n\t\t\t<div class=\"wpb_wrapper\">\r\n\t\t\t\t<div class=\"styled-subtitle\">\n<p><span style=\"font-weight: 400;\">La misi\u00f3n de Color Films es proporcionar una excelente experiencia profesional en gesti\u00f3n de producci\u00f3n para eventos EN VIVO y grabados a nivel internacional. <\/span><\/p>\n<\/div>\n\r\n\t\t\t<\/div>\r\n\t\t<\/div>\r\n\t\r\n\r\n\t\r\n\t\t<div class=\"wpb_text_column wpb_content_element\" >\r\n\t\t\t<div class=\"wpb_wrapper\">\r\n\t\t\t\t<p><span style=\"font-weight: 400;\">Lifestreams, eventos corporativos, documentales, entrevistas hist\u00f3ricas y periodismo creativo est\u00e1n todos dentro de nuestro \u00e1mbito. Nos encanta capturar los momentos que importan y compartirlos con el mundo. Adaptamos nuestros servicios a las necesidades espec\u00edficas de nuestros clientes, quienes son como amigos y nuestro objetivo es complacer y deleitarnos en todo nuestro trabajo. <\/span><\/p>\n\r\n\t\t\t<\/div>\r\n\t\t<\/div>\r\n\t\r\n<\/div><\/div><\/div><div class=\"wpb_column vc_column_container vc_col-sm-6\"><div class=\"vc_column-inner\"><div class=\"wpb_wrapper\"><div class=\"clearboth\"><\/div><div class=\"gem-divider\" style=\"margin-top: 15px;\"><\/div>\r\n\t\r\n\t<div  class=\"wpb_single_image wpb_content_element vc_align_left\" >\r\n\t\t\r\n\t\t<figure class=\"wpb_wrapper vc_figure\">\r\n\t\t\t<div class=\"vc_single_image-wrapper   vc_box_border_grey\"><img width=\"1128\" height=\"992\" src=\"https:\/\/colorfilms.net\/wp-content\/uploads\/2019\/10\/working_02.jpg\" class=\"vc_single_image-img attachment-large\" alt=\"\" srcset=\"https:\/\/colorfilms.net\/wp-content\/uploads\/2019\/10\/working_02.jpg 1128w, https:\/\/colorfilms.net\/wp-content\/uploads\/2019\/10\/working_02-900x791.jpg 900w, https:\/\/colorfilms.net\/wp-content\/uploads\/2019\/10\/working_02-768x675.jpg 768w\" sizes=\"(max-width: 1128px) 100vw, 1128px\" \/><\/div>\r\n\t\t<\/figure>\r\n\t<\/div>\r\n\t\r\n<div class=\"clearboth\"><\/div><div class=\"gem-divider divider-hidden\" style=\"margin-top: 40px;\"><\/div><div class=\"clearboth\"><\/div><div class=\"gem-divider\" style=\"margin-top: 20px;\"><\/div><\/div><\/div><\/div><\/div><\/div><\/div><\/div><\/div><div class=\"vc_row-full-width vc_clearfix\"><\/div>","protected":false},"excerpt":{"rendered":"","protected":false},"author":1,"featured_media":0,"parent":1219,"menu_order":0,"comment_status":"closed","ping_status":"closed","template":"","meta":{"ngg_post_thumbnail":0},"_links":{"self":[{"href":"https:\/\/colorfilms.net\/es_es\/wp-json\/wp\/v2\/pages\/24665"}],"collection":[{"href":"https:\/\/colorfilms.net\/es_es\/wp-json\/wp\/v2\/pages"}],"about":[{"href":"https:\/\/colorfilms.net\/es_es\/wp-json\/wp\/v2\/types\/page"}],"author":[{"embeddable":true,"href":"https:\/\/colorfilms.net\/es_es\/wp-json\/wp\/v2\/users\/1"}],"replies":[{"embeddable":true,"href":"https:\/\/colorfilms.net\/es_es\/wp-json\/wp\/v2\/comments?post=24665"}],"version-history":[{"count":9,"href":"https:\/\/colorfilms.net\/es_es\/wp-json\/wp\/v2\/pages\/24665\/revisions"}],"predecessor-version":[{"id":24749,"href":"https:\/\/colorfilms.net\/es_es\/wp-json\/wp\/v2\/pages\/24665\/revisions\/24749"}],"up":[{"embeddable":true,"href":"https:\/\/colorfilms.net\/es_es\/wp-json\/wp\/v2\/pages\/1219"}],"wp:attachment":[{"href":"https:\/\/colorfilms.net\/es_es\/wp-json\/wp\/v2\/media?parent=24665"}],"curies":[{"name":"wp","href":"https:\/\/api.w.org\/{rel}","templated":true}]}}