{"id":24664,"date":"2019-01-11T14:33:32","date_gmt":"2019-01-11T14:33:32","guid":{"rendered":"http:\/\/democontent.codex-themes.com\/sites\/agency-digital\/?page_id=2"},"modified":"2020-11-24T21:04:10","modified_gmt":"2020-11-24T21:04:10","slug":"sample-page-3","status":"publish","type":"page","link":"https:\/\/colorfilms.net\/es_es\/","title":{"rendered":"Inicio (Demo)"},"content":{"rendered":"<div class=\"vc_row-full-width-before\"><\/div><div id=\"vc_row-6a0495abebbbc\" data-vc-full-width=\"true\" data-vc-full-width-init=\"false\" data-vc-stretch-content=\"true\" class=\"vc_row wpb_row vc_row-fluid vc_custom_1547451161245 thegem-custom-6a0495abebb7e1834 vc_row-has-fill\"><script type=\"text\/javascript\">if (typeof(gem_fix_fullwidth_position) == \"function\") { gem_fix_fullwidth_position(document.getElementById(\"vc_row-6a0495abebbbc\")); }<\/script><div class=\"wpb_column vc_column_container vc_col-sm-12 thegem-custom-6a0495abebdc86546\"><div class=\"vc_column-inner vc_custom_1461138599418\"><div class=\"wpb_wrapper\">\r\n\t\r\n\t\t<div class=\"wpb_text_column wpb_content_element\" >\r\n\t\t\t<div class=\"wpb_wrapper\">\r\n\t\t\t\t<div class=\"title-h1\" style=\"text-align: center;\"><span style=\"color: #ffffff;\">Sobre nosotros<\/span><\/div>\n\r\n\t\t\t<\/div>\r\n\t\t<\/div>\r\n\t\r\n<div class=\"clearboth\"><\/div><div class=\"gem-divider divider-hidden\" style=\"margin-top: 60px;\"><\/div><div class=\"vc_row wpb_row vc_inner vc_row-fluid\"><div class=\"wpb_column vc_column_container vc_col-sm-2 vc_hidden-md vc_hidden-sm vc_hidden-xs\"><div class=\"vc_column-inner\"><div class=\"wpb_wrapper\"><\/div><\/div><\/div><div class=\"wpb_column vc_column_container vc_col-sm-12 vc_col-lg-5 vc_col-md-12\"><div class=\"vc_column-inner vc_custom_1550475513343\"><div class=\"wpb_wrapper\"><div class=\"clearboth\"><\/div><div class=\"gem-divider divider-hidden\" style=\"margin-top: 65px;\"><\/div>\r\n\t\r\n\t\t<div class=\"wpb_text_column wpb_content_element  wpb_animate_when_almost_visible wpb_left-to-right left-to-right dline-4\" >\r\n\t\t\t<div class=\"wpb_wrapper\">\r\n\t\t\t\t<div class=\"title-h1\" style=\"letter-spacing: 2.5px;\"><span class=\"light\" style=\"color: #fff;\">pel\u00edculas de color<\/span><\/div>\n\r\n\t\t\t<\/div>\r\n\t\t<\/div>\r\n\t\r\n\r\n\t\r\n\t\t<div class=\"wpb_text_column wpb_content_element  wpb_animate_when_almost_visible wpb_right-to-left right-to-left vc_custom_1606251832635\" >\r\n\t\t\t<div class=\"wpb_wrapper\">\r\n\t\t\t\t<p><span style=\"color: #b1bac2;\">Nos enorgullece capturar cualquier historia en cualquier formato, desde conferencias a conciertos, desde entrevistas a podcasts... Todo para llevarlo a cualquier audiencia de la mejor manera posible. Desde retransmisi\u00f3n en directo en alta calidad a peque\u00f1os v\u00eddeos para poder ser compartidos en cualquier momento.<\/span><\/p>\n<p>Tenemos 10 a\u00f1os de experiencia grabando eventos corporativos y produciendo documentales en m\u00e1s de 30 pa\u00edses. Nos adaptamos a las necesidades de cada cliente utilizando la mejor tecnolog\u00eda del mercado con precios competitivos.<\/p>\n\r\n\t\t\t<\/div>\r\n\t\t<\/div>\r\n\t\r\n<div class=\"clearboth\"><\/div><div class=\"gem-divider\" style=\"margin-top: 50px;\"><\/div><\/div><\/div><\/div><div class=\"wpb_column vc_column_container vc_col-sm-12 vc_col-lg-5 vc_col-md-12\"><div class=\"vc_column-inner vc_custom_1458638592111\"><div class=\"wpb_wrapper\"><div class=\"gem-vimeo gem-wrapbox gem-wrapbox-style-no-style rounded-corners gem-wrapbox-position-below\" style=\"width: 100%;\"><div class=\"gem-wrapbox-inner gem-ratio-style\" style=\"padding-top: 56.25%\"><iframe webkitallowfullscreen=\"true\" mozallowfullscreen=\"true\" allowfullscreen=\"true\" class=\"gem-wrapbox-element img-responsive\" frameborder=\"0\" scrolling=\"no\" marginheight=\"0\" marginwidth=\"0\" src=\"\/\/player.vimeo.com\/video\/483261404?title=0&amp;byline=0&amp;portrait=0 \"><\/iframe><\/div><\/div><\/div><\/div><\/div><\/div><\/div><\/div><\/div><\/div><div class=\"vc_row-full-width vc_clearfix\"><\/div>","protected":false},"excerpt":{"rendered":"","protected":false},"author":1,"featured_media":0,"parent":0,"menu_order":0,"comment_status":"closed","ping_status":"open","template":"","meta":{"ngg_post_thumbnail":0},"_links":{"self":[{"href":"https:\/\/colorfilms.net\/es_es\/wp-json\/wp\/v2\/pages\/24664"}],"collection":[{"href":"https:\/\/colorfilms.net\/es_es\/wp-json\/wp\/v2\/pages"}],"about":[{"href":"https:\/\/colorfilms.net\/es_es\/wp-json\/wp\/v2\/types\/page"}],"author":[{"embeddable":true,"href":"https:\/\/colorfilms.net\/es_es\/wp-json\/wp\/v2\/users\/1"}],"replies":[{"embeddable":true,"href":"https:\/\/colorfilms.net\/es_es\/wp-json\/wp\/v2\/comments?post=24664"}],"version-history":[{"count":12,"href":"https:\/\/colorfilms.net\/es_es\/wp-json\/wp\/v2\/pages\/24664\/revisions"}],"predecessor-version":[{"id":24770,"href":"https:\/\/colorfilms.net\/es_es\/wp-json\/wp\/v2\/pages\/24664\/revisions\/24770"}],"wp:attachment":[{"href":"https:\/\/colorfilms.net\/es_es\/wp-json\/wp\/v2\/media?parent=24664"}],"curies":[{"name":"wp","href":"https:\/\/api.w.org\/{rel}","templated":true}]}}